{"id":2902,"date":"2021-04-30T17:26:25","date_gmt":"2021-04-30T15:26:25","guid":{"rendered":"https:\/\/schedulejs.com\/?page_id=2902"},"modified":"2021-05-03T17:15:24","modified_gmt":"2021-05-03T15:15:24","slug":"typescript-doc","status":"publish","type":"page","link":"https:\/\/schedulejs.com\/fr\/typescript-doc\/","title":{"rendered":"TypeScript Doc"},"content":{"rendered":"<h1>TypeScript Doc<\/h1>\n<p>Migrate your scheduling application<br \/>\nfrom Desktop to Web-Native Scheduling<\/p>\n<p><a href=\"#\" role=\"button\"><br \/>\nExplorez votre projet<br \/>\n<\/a><\/p>\n<figure><img decoding=\"async\" src=\"https:\/\/schedulejs.com\/wp-content\/uploads\/2021\/04\/CaptureScheduleJS_1-768x526.png\" alt=\"CaptureScheduleJS_1\"><\/figure>\n<figure><img decoding=\"async\" src=\"https:\/\/schedulejs.com\/wp-content\/uploads\/2021\/04\/CaptureScheduleJS_2-768x526.png\" alt=\"CaptureScheduleJS_2\"><\/figure>\n<figure><img decoding=\"async\" src=\"https:\/\/schedulejs.com\/wp-content\/uploads\/2021\/04\/CaptureScheduleJS_3-768x480.png\" alt=\"CaptureScheduleJS_3\"><\/figure>\n<figure><img decoding=\"async\" src=\"https:\/\/schedulejs.com\/wp-content\/uploads\/2021\/04\/CaptureScheduleJS_4-768x452.png\" alt=\"CaptureScheduleJS_4\"><\/figure>\n<p>Pr\u00e9c\u00e9dent<br \/>\nSuivant<br \/>\n<img decoding=\"async\" src=\"https:\/\/schedulejs.com\/wp-content\/plugins\/elementor\/assets\/images\/placeholder.png\" title=\"\" alt=\"\"><\/p>\n<h2>API identique<\/h2>\n<p class=\" translation-block\">Migration 1:1 s\u00e9curis\u00e9e et facile depuis FlexGanttFX gr\u00e2ce \u00e0 la portabilit\u00e9 du code <br><br><\/p>\n<p>More about API<\/p>\n<p><img decoding=\"async\" src=\"https:\/\/schedulejs.com\/wp-content\/plugins\/elementor\/assets\/images\/placeholder.png\" title=\"\" alt=\"\"><\/p>\n<h2>Librairie leader<\/h2>\n<p>For building Enterprise Resource Planning,<br \/>\nManufacturing Executive System,<br \/>\nProduction Planning and Scheduling applications<\/p>\n<p>En savoir plus sur FlexGanttFX<\/p>\n<p><img decoding=\"async\" src=\"https:\/\/schedulejs.com\/wp-content\/plugins\/elementor\/assets\/images\/placeholder.png\" title=\"\" alt=\"\"><\/p>\n<h2>Every platform<\/h2>\n<p>Acc\u00e8s \u00e0 vos graphiques depuis n'importe quel navigateur sur votre t\u00e9l\u00e9phone, votre tablette ou votre ordinateur.<\/p>\n<p>En savoir plus sur le Cross Platform<\/p>\n<h2>Entrer dans le monde du scheduling web<\/h2>\n<p>Nous avons d\u00e9velopp\u00e9 une nouvelle version en JavaScript de <a href=\"https:\/\/www.flexganttfx.com\/\" target=\"_blank\" rel=\"noopener\">FlexGanttFX <\/a>, le framework leader le plus avanc\u00e9 pour cr\u00e9er des diagrammes de Gantt complexes. FlexGanttFX et ses pr\u00e9d\u00e9cesseurs (FlexGantt et DJT) ont \u00e9t\u00e9 d\u00e9ploy\u00e9s dans les applications de plusieurs centaines de clients \u00e0 travers le monde (Boeing, Siemens, NASA, Airbus, General Dynamics, Emirates,...).<\/p>\n<h2>Conserver vos fonctionnalit\u00e9s et le m\u00eame aspect visuel de votre application actuelle<\/h2>\n<p>ScheduleJS est b\u00e2ti sur les m\u00eames fondations que FlexGanttFX. La migration des applications JavaFX existantes vers une version TypeScript utilisant ScheduleJs est donc facile et s\u00fbre.<\/p>\n<p>Voir un exemple de migration<\/p>\n<p><img decoding=\"async\" src=\"https:\/\/schedulejs.com\/wp-content\/uploads\/2021\/04\/CaptureScheduleJS_2.png\" alt=\"Before Image\"><br \/>\n<img decoding=\"async\" src=\"https:\/\/schedulejs.com\/wp-content\/uploads\/2021\/04\/CaptureScheduleJS_1.png\" alt=\"After Image\"><\/p>\n<style>\n\t\t\t.slider-2750.twentytwenty-before-label::before {<br \/>\n\t\t\t\t\tbackground: #0b6bbf;<br \/>\n\t\t\t\t\tcolor: #000000;<br \/>\n\t\t\t\t}<br \/>\n\t\t\t\t.slider-2750.twentytwenty-after-label::before {<br \/>\n\t\t\t\t\tbackground: #22ccd8;<br \/>\n\t\t\t\t\tcolor: #ffffff;<br \/>\n\t\t\t\t}<br \/>\n\t\t\t\t\t\t<\/style>\n<figure class=\"gallery-item\">\n\t\t\t\t<a data-elementor-open-lightbox=\"yes\" data-elementor-lightbox-slideshow=\"2e5dde3\" data-elementor-lightbox-title=\"typescript\" href=\"https:\/\/schedulejs.com\/wp-content\/uploads\/2021\/04\/typescript.png\"><img decoding=\"async\" width=\"900\" height=\"900\" src=\"https:\/\/schedulejs.com\/wp-content\/uploads\/2021\/04\/typescript-1024x1024.png\" alt=\"\" loading=\"lazy\" srcset=\"https:\/\/schedulejs.com\/wp-content\/uploads\/2021\/04\/typescript-1024x1024.png 1024w, https:\/\/schedulejs.com\/wp-content\/uploads\/2021\/04\/typescript-300x300.png 300w, https:\/\/schedulejs.com\/wp-content\/uploads\/2021\/04\/typescript-150x150.png 150w, https:\/\/schedulejs.com\/wp-content\/uploads\/2021\/04\/typescript-768x768.png 768w, https:\/\/schedulejs.com\/wp-content\/uploads\/2021\/04\/typescript-430x430.png 430w, https:\/\/schedulejs.com\/wp-content\/uploads\/2021\/04\/typescript.png 1200w\" sizes=\"auto, (max-width: 900px) 100vw, 900px\"><\/a><\/figure>\n<figure class=\"gallery-item\">\n\t\t\t\t<a data-elementor-open-lightbox=\"yes\" data-elementor-lightbox-slideshow=\"2e5dde3\" data-elementor-lightbox-title=\"angular\" href=\"https:\/\/schedulejs.com\/wp-content\/uploads\/2021\/04\/angular.png\"><img decoding=\"async\" width=\"900\" height=\"900\" src=\"https:\/\/schedulejs.com\/wp-content\/uploads\/2021\/04\/angular-1024x1024.png\" alt=\"\" loading=\"lazy\" srcset=\"https:\/\/schedulejs.com\/wp-content\/uploads\/2021\/04\/angular-1024x1024.png 1024w, https:\/\/schedulejs.com\/wp-content\/uploads\/2021\/04\/angular-300x300.png 300w, https:\/\/schedulejs.com\/wp-content\/uploads\/2021\/04\/angular-150x150.png 150w, https:\/\/schedulejs.com\/wp-content\/uploads\/2021\/04\/angular-768x768.png 768w, https:\/\/schedulejs.com\/wp-content\/uploads\/2021\/04\/angular-430x430.png 430w, https:\/\/schedulejs.com\/wp-content\/uploads\/2021\/04\/angular.png 1200w\" sizes=\"auto, (max-width: 900px) 100vw, 900px\"><\/a><\/figure>\n<h2>Viewport TypeScript\/Angular personnalis\u00e9<\/h2>\n<p>Le scrolling de plusieurs centaines de milliers d'activit\u00e9s reste rapide et fluide en toutes circonstances. De nombreux outils, directives, pipes et services ont \u00e9t\u00e9 cr\u00e9\u00e9s sur mesure pour permettre au d\u00e9veloppeur d'\u00eatre plus efficace en se concentrant uniquement sur le code sp\u00e9cifique aux fonctions de l'application.<\/p>\n<p>Voir des extraits de code<\/p>\n<h2>Quelques \u00e9tapes pour cr\u00e9er rapidement votre application<\/h2>\n<p>Les \u00e9quipes de ScheduleJS offrent un soutien rigoureux et adapt\u00e9 \u00e0 chacun de ses clients.<\/p>\n<ul>\n<li data-wow-duration=\"200\" data-wow-delay=\"200\">\n<h4>1st Step &#8211; Explore with our Team<\/h4>\n<p>Discutez des pr\u00e9requis de votre projet et posez toutes les questions que vous avez concernant ScheduleJS<\/li>\n<li data-wow-duration=\"200\" data-wow-delay=\"200\">\n<h4>2nd Step &#8211; Deepen with our Experts (optional)<\/h4>\n<p>Get all the data (time, budget,&#8230;) to planify the migration\/creation of your web-native application with an Audit or a Proof Of Concept (POC) of your current application<\/li>\n<li data-wow-duration=\"200\" data-wow-delay=\"200\">\n<h4>3rd Step &#8211; Development and maintenance with your Team<\/h4>\n<p>Nous sommes en mesure de vous fournir tout le soutien n\u00e9cessaire pour assurer la r\u00e9alisation de votre projet selon vos besoins ainsi que la garantie de son bon fonctionnement par la suite.<\/li>\n<\/ul>\n<p><a href=\"#\" role=\"button\"><br \/>\nExplorez avec notre \u00e9quipe<br \/>\n<\/a><br \/>\n<img decoding=\"async\" width=\"460\" height=\"460\" src=\"https:\/\/schedulejs.com\/wp-content\/uploads\/2021\/04\/dirk.png\" alt=\"\" loading=\"lazy\" srcset=\"https:\/\/schedulejs.com\/wp-content\/uploads\/2021\/04\/dirk.png 460w, https:\/\/schedulejs.com\/wp-content\/uploads\/2021\/04\/dirk-300x300.png 300w, https:\/\/schedulejs.com\/wp-content\/uploads\/2021\/04\/dirk-150x150.png 150w, https:\/\/schedulejs.com\/wp-content\/uploads\/2021\/04\/dirk-430x430.png 430w\" sizes=\"auto, (max-width: 460px) 100vw, 460px\"><\/p>\n<p>&#8221; The API of ScheduleJS is pretty much the same as the one of FlexGanttFX so whatever you could do with FlexGanttFX you can do with ScheduleJS &#8221;<\/p>\n<h2>Dirk Lemmerman (notre partenaire)<\/h2>\n<h4>Fondateur de FlexGanttFX et de ses pr\u00e9d\u00e9cesseurs FlexGantt et DJT<\/h4>\n<h2>Foire Aux Questions<\/h2>\n<p>Voici quelques-unes des questions les plus courantes concernant ScheduleJS. Si vous avez d'autres questions, n'h\u00e9sitez pas \u00e0 <a href=\"https:\/\/www.google.fr\/\" target=\"_blank\" rel=\"noopener\">nous contacter<\/a>.<\/p>\n<p><img decoding=\"async\" src=\"https:\/\/schedulejs.com\/wp-content\/uploads\/elementor\/thumbs\/001-computer-p61aftvskkdqriag91bzmph61inl4aot063cczbvgi.png\" title=\"001-computer.png\" alt=\"\"><\/p>\n<h4>Is ScheduleJS an open source project?<\/h4>\n<p>No, ScheduleJS is a commercial software. You need to purchase a license following the licensing plan. Once you go into production you require a runtime license for each application \/ project that you want to ship.<\/p>\n<p><img decoding=\"async\" src=\"https:\/\/schedulejs.com\/wp-content\/uploads\/elementor\/thumbs\/002-support-p61aftvskkdqriag91bzmph61inl4aot063cczbvgi.png\" title=\"002-support.png\" alt=\"\"><\/p>\n<h4>Existe-t-il une version Swing de ScheduleJS ?<\/h4>\n<p>Nous pouvons migrer votre application de planification construite avec le pr\u00e9d\u00e9cesseur Swing de FlexGanttFX. Notre \u00e9quipe est \u00e9galement qualifi\u00e9e dans cette technologie.<\/p>\n<p><img decoding=\"async\" src=\"https:\/\/schedulejs.com\/wp-content\/uploads\/elementor\/thumbs\/004-coupon-p61aftvskkdqriag91bzmph61inl4aot063cczbvgi.png\" title=\"004-coupon.png\" alt=\"\"><\/p>\n<h4>Quel est le degr\u00e9 de facilit\u00e9 d'une migration\/cr\u00e9ation d'une application ?<\/h4>\n<p>ScheduleJS is a commercial software. You need to purchase a license following the licensing plan. Once you go into production you require a runtime license for each application \/ project that you want to ship.<\/p>\n<p><img decoding=\"async\" src=\"https:\/\/schedulejs.com\/wp-content\/uploads\/elementor\/thumbs\/005-payment-method-p61aftvskkdqriag91bzmph61inl4aot063cczbvgi.png\" title=\"005-payment-method.png\" alt=\"\"><\/p>\n<h4>Je ne suis pas un utilisateur de FlexGanttFX, puis-je cr\u00e9er une application de planification Web-Native avec ScheduleJS ?<\/h4>\n<p>Oui, absolument. Vous pouvez cr\u00e9er des applications de scheduling complexe Web-Native de style APS, MES ou int\u00e9gr\u00e9es \u00e0 un ERP \u00e0 l'aide de ScheduleJS.<\/p>\n<p><img decoding=\"async\" src=\"https:\/\/schedulejs.com\/wp-content\/uploads\/elementor\/thumbs\/006-social-care-p61aftvskkdqriag91bzmph61inl4aot063cczbvgi.png\" title=\"006-social-care.png\" alt=\"\"><\/p>\n<h4>Do you have a Consulting plan?<\/h4>\n<p>ScheduleJS is a commercial software. You need to purchase a license following the licensing plan. Once you go into production you require a runtime license for each application \/ project that you want to ship.<\/p>\n<p><img decoding=\"async\" src=\"https:\/\/schedulejs.com\/wp-content\/uploads\/elementor\/thumbs\/007-hiring-p61aftvskkdqriag91bzmph61inl4aot063cczbvgi.png\" title=\"007-hiring.png\" alt=\"\"><\/p>\n<h4>Do you provide the optimization of<br \/>\nmy activities?<\/h4>\n<p>ScheduleJS is a commercial software. You need to purchase a license following the licensing plan. Once you go into production you require a runtime license for each application \/ project that you want to ship.<\/p>\n<p><a href=\"#\" role=\"button\"><br \/>\nFoire aux Questions<br \/>\n<\/a><\/p>\n<h1>Un pas \u00e0 la fois<\/h1>\n<h4 class=\" translation-block\">Discutez de votre projet <br> avec nous<\/h4>\n<p><a href=\"#\" role=\"button\"><br \/>\nExplorez avec notre \u00e9quipe<br \/>\n<\/a><\/p>","protected":false},"excerpt":{"rendered":"<p>TypeScript Doc Migrate your scheduling application from Desktop to Web-Native Scheduling Start the migration Pr\u00e9c\u00e9dent Suivant Same API The portability of the code allows a secure and smooth 1:1 migration with FlexGanttFX More about API Leading Framework For building Enterprise Resource Planning, Manufacturing Executive System, Production Planning and Scheduling applications More about FlexGanttFX Every platform [&hellip;]<\/p>","protected":false},"author":1,"featured_media":0,"parent":0,"menu_order":0,"comment_status":"closed","ping_status":"closed","template":"elementor_header_footer","meta":{"footnotes":""},"class_list":["post-2902","page","type-page","status-publish","hentry","blog-post blog-spacing"],"yoast_head":"<!-- This site is optimized with the Yoast SEO plugin v27.3 - https:\/\/yoast.com\/product\/yoast-seo-wordpress\/ -->\n<title>TypeScript Doc -<\/title>\n<meta name=\"robots\" content=\"index, follow, max-snippet:-1, max-image-preview:large, max-video-preview:-1\" \/>\n<link rel=\"canonical\" href=\"https:\/\/schedulejs.com\/fr\/typescript-doc\/\" \/>\n<meta property=\"og:locale\" content=\"fr_FR\" \/>\n<meta property=\"og:type\" content=\"article\" \/>\n<meta property=\"og:title\" content=\"TypeScript Doc -\" \/>\n<meta property=\"og:description\" content=\"TypeScript Doc Migrate your scheduling application from Desktop to Web-Native Scheduling Start the migration Pr\u00e9c\u00e9dent Suivant Same API The portability of the code allows a secure and smooth 1:1 migration with FlexGanttFX More about API Leading Framework For building Enterprise Resource Planning, Manufacturing Executive System, Production Planning and Scheduling applications More about FlexGanttFX Every platform [&hellip;]\" \/>\n<meta property=\"og:url\" content=\"https:\/\/schedulejs.com\/fr\/typescript-doc\/\" \/>\n<meta property=\"article:modified_time\" content=\"2021-05-03T15:15:24+00:00\" \/>\n<meta property=\"og:image\" content=\"https:\/\/schedulejs.com\/wp-content\/uploads\/2021\/04\/CaptureScheduleJS_1-768x526.png\" \/>\n<meta name=\"twitter:card\" content=\"summary_large_image\" \/>\n<meta name=\"twitter:site\" content=\"@ScheduleJS\" \/>\n<meta name=\"twitter:label1\" content=\"Dur\u00e9e de lecture estim\u00e9e\" \/>\n\t<meta name=\"twitter:data1\" content=\"3 minutes\" \/>\n<script type=\"application\/ld+json\" class=\"yoast-schema-graph\">{\"@context\":\"https:\\\/\\\/schema.org\",\"@graph\":[{\"@type\":\"WebPage\",\"@id\":\"https:\\\/\\\/schedulejs.com\\\/typescript-doc\\\/\",\"url\":\"https:\\\/\\\/schedulejs.com\\\/typescript-doc\\\/\",\"name\":\"TypeScript Doc -\",\"isPartOf\":{\"@id\":\"https:\\\/\\\/schedulejs.com\\\/#website\"},\"primaryImageOfPage\":{\"@id\":\"https:\\\/\\\/schedulejs.com\\\/typescript-doc\\\/#primaryimage\"},\"image\":{\"@id\":\"https:\\\/\\\/schedulejs.com\\\/typescript-doc\\\/#primaryimage\"},\"thumbnailUrl\":\"https:\\\/\\\/schedulejs.com\\\/wp-content\\\/uploads\\\/2021\\\/04\\\/CaptureScheduleJS_1-768x526.png\",\"datePublished\":\"2021-04-30T15:26:25+00:00\",\"dateModified\":\"2021-05-03T15:15:24+00:00\",\"breadcrumb\":{\"@id\":\"https:\\\/\\\/schedulejs.com\\\/typescript-doc\\\/#breadcrumb\"},\"inLanguage\":\"fr-FR\",\"potentialAction\":[{\"@type\":\"ReadAction\",\"target\":[\"https:\\\/\\\/schedulejs.com\\\/typescript-doc\\\/\"]}]},{\"@type\":\"ImageObject\",\"inLanguage\":\"fr-FR\",\"@id\":\"https:\\\/\\\/schedulejs.com\\\/typescript-doc\\\/#primaryimage\",\"url\":\"https:\\\/\\\/schedulejs.com\\\/wp-content\\\/uploads\\\/2021\\\/04\\\/CaptureScheduleJS_1-768x526.png\",\"contentUrl\":\"https:\\\/\\\/schedulejs.com\\\/wp-content\\\/uploads\\\/2021\\\/04\\\/CaptureScheduleJS_1-768x526.png\"},{\"@type\":\"BreadcrumbList\",\"@id\":\"https:\\\/\\\/schedulejs.com\\\/typescript-doc\\\/#breadcrumb\",\"itemListElement\":[{\"@type\":\"ListItem\",\"position\":1,\"name\":\"Accueil\",\"item\":\"https:\\\/\\\/schedulejs.com\\\/\"},{\"@type\":\"ListItem\",\"position\":2,\"name\":\"TypeScript Doc\"}]},{\"@type\":\"WebSite\",\"@id\":\"https:\\\/\\\/schedulejs.com\\\/#website\",\"url\":\"https:\\\/\\\/schedulejs.com\\\/\",\"name\":\"ScheduleJS - Applicative Gantt charts\",\"description\":\"Create advanced Gantt charts using web technologies\",\"publisher\":{\"@id\":\"https:\\\/\\\/schedulejs.com\\\/#organization\"},\"alternateName\":\"ScheduleJS\",\"potentialAction\":[{\"@type\":\"SearchAction\",\"target\":{\"@type\":\"EntryPoint\",\"urlTemplate\":\"https:\\\/\\\/schedulejs.com\\\/?s={search_term_string}\"},\"query-input\":{\"@type\":\"PropertyValueSpecification\",\"valueRequired\":true,\"valueName\":\"search_term_string\"}}],\"inLanguage\":\"fr-FR\"},{\"@type\":\"Organization\",\"@id\":\"https:\\\/\\\/schedulejs.com\\\/#organization\",\"name\":\"ScheduleJS\",\"url\":\"https:\\\/\\\/schedulejs.com\\\/\",\"logo\":{\"@type\":\"ImageObject\",\"inLanguage\":\"fr-FR\",\"@id\":\"https:\\\/\\\/schedulejs.com\\\/#\\\/schema\\\/logo\\\/image\\\/\",\"url\":\"https:\\\/\\\/schedulejs.com\\\/wp-content\\\/uploads\\\/2021\\\/05\\\/logo_schedulejs_blue_1500x500.png\",\"contentUrl\":\"https:\\\/\\\/schedulejs.com\\\/wp-content\\\/uploads\\\/2021\\\/05\\\/logo_schedulejs_blue_1500x500.png\",\"width\":1500,\"height\":500,\"caption\":\"ScheduleJS\"},\"image\":{\"@id\":\"https:\\\/\\\/schedulejs.com\\\/#\\\/schema\\\/logo\\\/image\\\/\"},\"sameAs\":[\"https:\\\/\\\/x.com\\\/ScheduleJS\",\"https:\\\/\\\/www.linkedin.com\\\/showcase\\\/schedulejs\\\/\"]}]}<\/script>\n<!-- \/ Yoast SEO plugin. -->","yoast_head_json":{"title":"TypeScript Doc -","robots":{"index":"index","follow":"follow","max-snippet":"max-snippet:-1","max-image-preview":"max-image-preview:large","max-video-preview":"max-video-preview:-1"},"canonical":"https:\/\/schedulejs.com\/fr\/typescript-doc\/","og_locale":"fr_FR","og_type":"article","og_title":"TypeScript Doc -","og_description":"TypeScript Doc Migrate your scheduling application from Desktop to Web-Native Scheduling Start the migration Pr\u00e9c\u00e9dent Suivant Same API The portability of the code allows a secure and smooth 1:1 migration with FlexGanttFX More about API Leading Framework For building Enterprise Resource Planning, Manufacturing Executive System, Production Planning and Scheduling applications More about FlexGanttFX Every platform [&hellip;]","og_url":"https:\/\/schedulejs.com\/fr\/typescript-doc\/","article_modified_time":"2021-05-03T15:15:24+00:00","og_image":[{"url":"https:\/\/schedulejs.com\/wp-content\/uploads\/2021\/04\/CaptureScheduleJS_1-768x526.png","type":"","width":"","height":""}],"twitter_card":"summary_large_image","twitter_site":"@ScheduleJS","twitter_misc":{"Dur\u00e9e de lecture estim\u00e9e":"3 minutes"},"schema":{"@context":"https:\/\/schema.org","@graph":[{"@type":"WebPage","@id":"https:\/\/schedulejs.com\/typescript-doc\/","url":"https:\/\/schedulejs.com\/typescript-doc\/","name":"TypeScript Doc -","isPartOf":{"@id":"https:\/\/schedulejs.com\/#website"},"primaryImageOfPage":{"@id":"https:\/\/schedulejs.com\/typescript-doc\/#primaryimage"},"image":{"@id":"https:\/\/schedulejs.com\/typescript-doc\/#primaryimage"},"thumbnailUrl":"https:\/\/schedulejs.com\/wp-content\/uploads\/2021\/04\/CaptureScheduleJS_1-768x526.png","datePublished":"2021-04-30T15:26:25+00:00","dateModified":"2021-05-03T15:15:24+00:00","breadcrumb":{"@id":"https:\/\/schedulejs.com\/typescript-doc\/#breadcrumb"},"inLanguage":"fr-FR","potentialAction":[{"@type":"ReadAction","target":["https:\/\/schedulejs.com\/typescript-doc\/"]}]},{"@type":"ImageObject","inLanguage":"fr-FR","@id":"https:\/\/schedulejs.com\/typescript-doc\/#primaryimage","url":"https:\/\/schedulejs.com\/wp-content\/uploads\/2021\/04\/CaptureScheduleJS_1-768x526.png","contentUrl":"https:\/\/schedulejs.com\/wp-content\/uploads\/2021\/04\/CaptureScheduleJS_1-768x526.png"},{"@type":"BreadcrumbList","@id":"https:\/\/schedulejs.com\/typescript-doc\/#breadcrumb","itemListElement":[{"@type":"ListItem","position":1,"name":"Accueil","item":"https:\/\/schedulejs.com\/"},{"@type":"ListItem","position":2,"name":"TypeScript Doc"}]},{"@type":"WebSite","@id":"https:\/\/schedulejs.com\/#website","url":"https:\/\/schedulejs.com\/","name":"ScheduleJS - Applicative Gantt charts","description":"Create advanced Gantt charts using web technologies","publisher":{"@id":"https:\/\/schedulejs.com\/#organization"},"alternateName":"ScheduleJS","potentialAction":[{"@type":"SearchAction","target":{"@type":"EntryPoint","urlTemplate":"https:\/\/schedulejs.com\/?s={search_term_string}"},"query-input":{"@type":"PropertyValueSpecification","valueRequired":true,"valueName":"search_term_string"}}],"inLanguage":"fr-FR"},{"@type":"Organization","@id":"https:\/\/schedulejs.com\/#organization","name":"ScheduleJS","url":"https:\/\/schedulejs.com\/","logo":{"@type":"ImageObject","inLanguage":"fr-FR","@id":"https:\/\/schedulejs.com\/#\/schema\/logo\/image\/","url":"https:\/\/schedulejs.com\/wp-content\/uploads\/2021\/05\/logo_schedulejs_blue_1500x500.png","contentUrl":"https:\/\/schedulejs.com\/wp-content\/uploads\/2021\/05\/logo_schedulejs_blue_1500x500.png","width":1500,"height":500,"caption":"ScheduleJS"},"image":{"@id":"https:\/\/schedulejs.com\/#\/schema\/logo\/image\/"},"sameAs":["https:\/\/x.com\/ScheduleJS","https:\/\/www.linkedin.com\/showcase\/schedulejs\/"]}]}},"_links":{"self":[{"href":"https:\/\/schedulejs.com\/fr\/wp-json\/wp\/v2\/pages\/2902","targetHints":{"allow":["GET"]}}],"collection":[{"href":"https:\/\/schedulejs.com\/fr\/wp-json\/wp\/v2\/pages"}],"about":[{"href":"https:\/\/schedulejs.com\/fr\/wp-json\/wp\/v2\/types\/page"}],"author":[{"embeddable":true,"href":"https:\/\/schedulejs.com\/fr\/wp-json\/wp\/v2\/users\/1"}],"replies":[{"embeddable":true,"href":"https:\/\/schedulejs.com\/fr\/wp-json\/wp\/v2\/comments?post=2902"}],"version-history":[{"count":0,"href":"https:\/\/schedulejs.com\/fr\/wp-json\/wp\/v2\/pages\/2902\/revisions"}],"wp:attachment":[{"href":"https:\/\/schedulejs.com\/fr\/wp-json\/wp\/v2\/media?parent=2902"}],"curies":[{"name":"wp","href":"https:\/\/api.w.org\/{rel}","templated":true}]}}